{"id":28,"date":"2010-08-04T07:00:24","date_gmt":"2010-08-04T06:00:24","guid":{"rendered":"http:\/\/raphaelahoffmann.de\/wordpress\/?page_id=28"},"modified":"2021-01-07T20:14:22","modified_gmt":"2021-01-07T19:14:22","slug":"vita","status":"publish","type":"page","link":"https:\/\/raphaelahoffmann.de\/wordpress\/","title":{"rendered":"vita"},"content":{"rendered":"<p>geb. 1962 in Grevenbroich<\/p>\n<p>1979-1985 t\u00e4tig im Friseurhandwerk<\/p>\n<p>1985-1989 Assistentin von Bernd Bauer &#8222;die maske&#8220; in K\u00f6ln<\/p>\n<p>Seit 1989 selbst\u00e4ndig mit Auftragsarbeiten in den Bereichen Werbe-und Modefotografie, Events, Messen und Shows, Werbe- und Image-Filme.<\/p>\n","protected":false},"excerpt":{"rendered":"<p>geb. 1962 in Grevenbroich 1979-1985 t\u00e4tig im Friseurhandwerk 1985-1989 Assistentin von Bernd Bauer &#8222;die maske&#8220; in K\u00f6ln Seit 1989 selbst\u00e4ndig mit Auftragsarbeiten in den Bereichen Werbe-und Modefotografie, Events, Messen und Shows, Werbe- und Image-Filme.<\/p>\n","protected":false},"author":1,"featured_media":0,"parent":208,"menu_order":0,"comment_status":"closed","ping_status":"closed","template":"","meta":{"ngg_post_thumbnail":0},"_links":{"self":[{"href":"https:\/\/raphaelahoffmann.de\/wordpress\/index.php?rest_route=\/wp\/v2\/pages\/28"}],"collection":[{"href":"https:\/\/raphaelahoffmann.de\/wordpress\/index.php?rest_route=\/wp\/v2\/pages"}],"about":[{"href":"https:\/\/raphaelahoffmann.de\/wordpress\/index.php?rest_route=\/wp\/v2\/types\/page"}],"author":[{"embeddable":true,"href":"https:\/\/raphaelahoffmann.de\/wordpress\/index.php?rest_route=\/wp\/v2\/users\/1"}],"replies":[{"embeddable":true,"href":"https:\/\/raphaelahoffmann.de\/wordpress\/index.php?rest_route=%2Fwp%2Fv2%2Fcomments&post=28"}],"version-history":[{"count":7,"href":"https:\/\/raphaelahoffmann.de\/wordpress\/index.php?rest_route=\/wp\/v2\/pages\/28\/revisions"}],"predecessor-version":[{"id":1192,"href":"https:\/\/raphaelahoffmann.de\/wordpress\/index.php?rest_route=\/wp\/v2\/pages\/28\/revisions\/1192"}],"up":[{"embeddable":true,"href":"https:\/\/raphaelahoffmann.de\/wordpress\/index.php?rest_route=\/wp\/v2\/pages\/208"}],"wp:attachment":[{"href":"https:\/\/raphaelahoffmann.de\/wordpress\/index.php?rest_route=%2Fwp%2Fv2%2Fmedia&parent=28"}],"curies":[{"name":"wp","href":"https:\/\/api.w.org\/{rel}","templated":true}]}}